{"id":1467,"date":"2023-09-05T10:38:34","date_gmt":"2023-09-05T08:38:34","guid":{"rendered":"https:\/\/portale-booking-stg-cai.inera.it\/?page_id=1467"},"modified":"2024-02-08T11:45:49","modified_gmt":"2024-02-08T10:45:49","slug":"datenschutzbestimmungen","status":"publish","type":"page","link":"https:\/\/portale-booking-stg-cai.inera.it\/de\/datenschutzbestimmungen\/","title":{"rendered":"Datenschutzbestimmungen"},"content":{"rendered":"<div class=\"fusion-text fusion-text-1\"><div class=\"header-1\" style=\"top: -17px; height: 450px;\">\n<p><img decoding=\"async\" src=\"https:\/\/portale-booking-stg-cai.inera.it\/wp-content\/uploads\/2023\/09\/15-scaled.jpeg\" alt=\"Lago\" \/><\/p>\n<div class=\"container\">\n<div class=\"row\">\n<div class=\"col-12 d-flex justify-content-center\">\n<div class=\"title\">Datenschutz &amp; Cookies Politik<\/div>\n<\/div>\n<\/div>\n<\/div>\n<\/div>\n<p>\n<\/div><br \/>\n<div class=\"fusion-fullwidth fullwidth-box fusion-builder-row-1 fusion-flex-container nonhundred-percent-fullwidth non-hundred-percent-height-scrolling\" style=\"--awb-border-radius-top-left:0px;--awb-border-radius-top-right:0px;--awb-border-radius-bottom-right:0px;--awb-border-radius-bottom-left:0px;--awb-flex-wrap:wrap;\" ><div class=\"fusion-builder-row fusion-row fusion-flex-align-items-flex-start fusion-flex-content-wrap\" style=\"max-width:1372.8px;margin-left: calc(-4% \/ 2 );margin-right: calc(-4% \/ 2 );\"><div class=\"fusion-layout-column fusion_builder_column fusion-builder-column-0 fusion_builder_column_1_1 1_1 fusion-flex-column\" style=\"--awb-bg-size:cover;--awb-width-large:100%;--awb-margin-top-large:0px;--awb-spacing-right-large:1.92%;--awb-margin-bottom-large:0px;--awb-spacing-left-large:1.92%;--awb-width-medium:100%;--awb-spacing-right-medium:1.92%;--awb-spacing-left-medium:1.92%;--awb-width-small:100%;--awb-spacing-right-small:1.92%;--awb-spacing-left-small:1.92%;\"><div class=\"fusion-column-wrapper fusion-flex-justify-content-flex-start fusion-content-layout-column\"><div class=\"fusion-text fusion-text-2\"><div class=\"container\">\n<div class=\"row\">\n<div class=\"col-12 order-2 order-lg-1\">\n<div class=\"post-content\">\n<h6>Informationen \u00fcber die Verarbeitung von personenbezogenen Daten<\/h6>\n<p>Diese Seite beschreibt, wie diese Website im Hinblick auf die Verarbeitung der personenbezogenen Daten der Nutzer, die sie konsultieren, verwaltet wird. Diese Informationen werden im Einklang mit den geltenden Rechtsvorschriften \u00fcber personenbezogene Daten von Nutzern bereitgestellt, die im Rahmen der EU-Verordnung 2016\/679 mit den Diensten dieser Website interagieren. Die Informationen werden nur f\u00fcr diese Website bereitgestellt und nicht f\u00fcr andere Websites, die der Nutzer \u00fcber unsere Links aufrufen kann.<\/p>\n<h6>Der &#8222;f\u00fcr die Datenverarbeitung Verantwortliche<\/h6>\n<p>Bei der Konsultation der Website k\u00f6nnen Daten verarbeitet werden, die sich auf identifizierte oder identifizierbare Personen beziehen. Der Inhaber der Datenverarbeitung ist CAI &#8211; Club Alpino Italiano in der Person des Generaldirektors und gesetzlichen Vertreters mit Zustellungsanschrift am Sitz in Mailand, via E. Petrella 19, cap 20124.<\/p>\n<h6>Der Datenschutzbeauftragte \u2013 Pers\u00f6nlicher Datenschutzbeauftragter-DPO<\/h6>\n<p>Wir m\u00f6chten Sie dar\u00fcber informieren, dass die Organisation einen Datenschutzbeauftragten gem\u00e4\u00df Artikel 37 GDPR ernannt hat, den Sie unter folgender E-Mail-Adresse erreichen k\u00f6nnen: <a href=\"mailto:dpo@cai.it\">dpo@cai.it<\/a><\/p>\n<h6>Ort der Datenverarbeitung<\/h6>\n<p>Die Verarbeitung im Zusammenhang mit den Webdiensten erfolgt ausschlie\u00dflich durch das technische Personal des Amtes, das f\u00fcr die Verarbeitung zust\u00e4ndig ist, oder durch Personen, die f\u00fcr gelegentliche Wartungsarbeiten verantwortlich sind. Es werden keine aus dem Webdienst stammenden Daten \u00fcbermittelt oder verbreitet.<\/p>\n<h6>Zweck der Verarbeitung und Rechtsgrundlage f\u00fcr die Verarbeitung<\/h6>\n<p>Die von den Nutzern, die Anfragen stellen oder beabsichtigen, \u00fcber die Website angebotene Dienstleistungen oder Produkte in Anspruch zu nehmen sowie weitere spezifische Inhalte zu erhalten, zur Verf\u00fcgung gestellten personenbezogenen Daten werden ausschlie\u00dflich zur Beantwortung von Anfragen oder zur Ausf\u00fchrung der angeforderten Dienstleistung oder Leistung verwendet und nur dann an Dritte weitergegeben, wenn dies zu diesem Zweck erforderlich ist. Die Rechtsgrundlage f\u00fcr diese Verarbeitungen ist die Notwendigkeit, auf die Anfragen der betroffenen Personen zu antworten oder die in den mit den betroffenen Personen getroffenen Vereinbarungen vorgesehenen T\u00e4tigkeiten auszuf\u00fchren.<br \/>\nMit der ausdr\u00fccklichen Zustimmung des Nutzers k\u00f6nnen die Daten f\u00fcr kommerzielle Kommunikationsaktivit\u00e4ten im Zusammenhang mit Angeboten f\u00fcr weitere Produkte oder Dienstleistungen des f\u00fcr die Verarbeitung Verantwortlichen verwendet werden. Rechtsgrundlage f\u00fcr diese Verarbeitung ist die von der betroffenen Person freiwillig erteilte Einwilligung.<br \/>\nAu\u00dferhalb dieser Hypothesen werden die Browsing-Daten der Benutzer so lange aufbewahrt, wie es f\u00fcr die Verwaltung der Verarbeitungst\u00e4tigkeiten innerhalb der gesetzlich vorgesehenen Grenzen unbedingt erforderlich ist.<\/p>\n<h1 class=\"fusion-responsive-typography-calculated\" style=\"--fontsize: 18; line-height: 1.5; --minfontsize: 18;\" data-fontsize=\"18\" data-lineheight=\"27px\">Arten der verarbeiteten Daten<\/h1>\n<h6>Daten zur Navigation<\/h6>\n<p>Die f\u00fcr den Betrieb der Website verwendeten Computersysteme und Softwareverfahren erfassen w\u00e4hrend ihres normalen Betriebs einige personenbezogene Daten, deren \u00dcbermittlung durch die Verwendung von Internet-Kommunikationsprotokollen implizit ist. Diese Informationen werden nicht gesammelt, um mit identifizierten Interessenten in Verbindung gebracht zu werden, sondern k\u00f6nnten aufgrund ihrer Beschaffenheit durch die Verarbeitung und Verkn\u00fcpfung mit Daten im Besitz von Dritten die Identifizierung der Nutzer erm\u00f6glichen. Zu dieser Datenkategorie geh\u00f6ren die IP-Adressen oder Dom\u00e4nennamen der von den Nutzern verwendeten Computer, die sich mit der Website verbinden, die URI (Uniform Resource Identifier)-Notationsadressen der angeforderten Ressourcen, die Uhrzeit der Anfrage, die f\u00fcr die \u00dcbermittlung der Anfrage an den Server verwendete Methode, die Gr\u00f6\u00dfe der als Antwort erhaltenen Datei, der numerische Code, der den Status der vom Server gegebenen Antwort angibt (erfolgreich, Fehler usw.) sowie andere Parameter, die sich auf das Betriebssystem und die IT-Umgebung des Nutzers beziehen. Diese Daten werden ausschlie\u00dflich dazu verwendet, anonyme statistische Informationen \u00fcber die Nutzung der Website zu erhalten und ihr ordnungsgem\u00e4\u00dfes Funktionieren zu \u00fcberpr\u00fcfen, und werden nach der Verarbeitung gel\u00f6scht. Die Daten k\u00f6nnten zur Feststellung der Verantwortlichkeit im Falle hypothetischer Computerstraftaten zum Nachteil der Website verwendet werden.<\/p>\n<h6>Freiwillig vom Nutzer bereitgestellte Daten<\/h6>\n<p>Die fakultative, ausdr\u00fcckliche und freiwillige Zusendung von elektronischer Post an die auf der Website angegebenen Adressen hat zur Folge, dass die Adresse des Absenders, die f\u00fcr die Beantwortung von Anfragen erforderlich ist, sowie alle anderen in der Nachricht enthaltenen personenbezogenen Daten erfasst werden. Spezifische zusammenfassende Informationen werden nach und nach mitgeteilt oder auf den Seiten der Website angezeigt, die auf Anfrage f\u00fcr bestimmte Dienste eingerichtet wurden.<\/p>\n<h6>Cookies<\/h6>\n<p>Ein Cookie ist ein Textelement, das nur nach Genehmigung auf der Festplatte eines Computers abgelegt wird. Cookies haben die Funktion, die Analyse des Webverkehrs zu rationalisieren oder zu signalisieren, wenn eine bestimmte Website besucht wird, und erm\u00f6glichen es Webanwendungen, Informationen an einzelne Nutzer zu senden. In diesem Zusammenhang werden von der Website keine pers\u00f6nlichen Nutzerdaten erfasst. Es werden weder Cookies zur \u00dcbermittlung personenbezogener Daten noch so genannte dauerhafte Cookies, d. h. Systeme zur R\u00fcckverfolgung von Benutzern, verwendet. Die Verwendung von so genannten Session-Cookies ist streng auf die \u00dcbermittlung von Sitzungskennungen (bestehend aus vom Server generierten Zufallszahlen) beschr\u00e4nkt, die f\u00fcr eine sichere und effiziente Erkundung der Website erforderlich sind. Die so genannten Session-Cookies, die auf der Website verwendet werden, vermeiden den Einsatz anderer IT-Techniken, die die Vertraulichkeit des Surfens der Nutzer beeintr\u00e4chtigen k\u00f6nnten, und erm\u00f6glichen nicht die Erfassung personenbezogener Daten zur Identifizierung des Nutzers.<\/p>\n<h6>Fakultative Bereitstellung von Daten<\/h6>\n<p>Abgesehen von den Navigationsdaten steht es dem Nutzer frei, pers\u00f6nliche Daten zu \u00fcbermitteln, um die vom Eigent\u00fcmer angebotenen Dienstleistungen anzufordern. Die Nichtbereitstellung dieser Daten kann dazu f\u00fchren, dass die angeforderten Leistungen nicht erbracht werden k\u00f6nnen.<\/p>\n<h6>Verarbeitungsmethoden und Fristen f\u00fcr die Datenspeicherung<\/h6>\n<p>Personenbezogene Daten werden durch automatisierte Instrumente nur so lange verarbeitet, wie es f\u00fcr die Erf\u00fcllung der Zwecke, f\u00fcr die sie erhoben wurden, unbedingt erforderlich ist. Es werden besondere Sicherheitsvorkehrungen getroffen, um Datenverlust, unerlaubte oder falsche Verwendung und unbefugten Zugriff zu verhindern.<br \/>\nDie Daten werden so lange aufbewahrt, wie es f\u00fcr die Verfolgung der in dieser Erkl\u00e4rung genannten Zwecke unbedingt erforderlich ist, und nach Ablauf dieses Zeitraums gel\u00f6scht, es sei denn, die Daten m\u00fcssen aufgrund gesetzlicher Verpflichtungen oder zur gerichtlichen Geltendmachung eines Rechts aufbewahrt werden.<\/p>\n<h6>Rechte der betroffenen Personen<\/h6>\n<p>Der f\u00fcr die Verarbeitung Verantwortliche ist verpflichtet, innerhalb der gesetzlich festgelegten Grenzen und unter den gesetzlich festgelegten Bedingungen auf Anfragen der betroffenen Person bez\u00fcglich der sie betreffenden personenbezogenen Daten zu antworten. Insbesondere gem\u00e4\u00df der geltenden Gesetzgebung:<\/p>\n<h6>1.<\/h6>\n<p>Die betroffene Person hat das Recht, von dem f\u00fcr die Verarbeitung Verantwortlichen eine Best\u00e4tigung dar\u00fcber zu erhalten, ob sie betreffende personenbezogene Daten verarbeitet werden oder nicht, und wenn dies der Fall ist, Zugang zu den personenbezogenen Daten und die folgenden Informationen zu erhalten:<\/p>\n<ul>\n<li>die Zwecke der Verarbeitung;<\/li>\n<li>die Kategorien der betreffenden personenbezogenen Daten;<\/li>\n<li>die Empf\u00e4nger oder Kategorien von Empf\u00e4ngern, an die die personenbezogenen Daten weitergegeben wurden oder werden, insbesondere wenn es sich um Empf\u00e4nger in Drittl\u00e4ndern oder internationale Organisationen handelt;<\/li>\n<li>wenn m\u00f6glich, die vorgesehene Dauer der Aufbewahrung der personenbezogenen Daten oder, falls dies nicht m\u00f6glich ist, die Kriterien f\u00fcr die Festlegung dieser Dauer;<\/li>\n<li>das Recht der betroffenen Person, von dem f\u00fcr die Verarbeitung Verantwortlichen die Berichtigung oder L\u00f6schung personenbezogener Daten oder die Einschr\u00e4nkung der Verarbeitung sie betreffender personenbezogener Daten zu verlangen oder Widerspruch gegen deren Verarbeitung einzulegen;<\/li>\n<li>das Recht, eine Beschwerde bei einer Aufsichtsbeh\u00f6rde einzureichen;<\/li>\n<li>wenn die Daten nicht bei der betroffenen Person erhoben wurden, alle verf\u00fcgbaren Informationen \u00fcber ihre Herkunft;<br \/>\ndas Vorhandensein eines automatisierten Entscheidungsprozesses, einschlie\u00dflich Profiling.<\/li>\n<\/ul>\n<h6>2.<\/h6>\n<p>Die betroffene Person hat das Recht, von dem f\u00fcr die Verarbeitung Verantwortlichen die unverz\u00fcgliche Berichtigung sie betreffender unrichtiger personenbezogener Daten zu verlangen. Unter Ber\u00fccksichtigung der Zwecke der Verarbeitung hat die betroffene Person das Recht, die Vervollst\u00e4ndigung unvollst\u00e4ndiger personenbezogener Daten zu verlangen, auch durch Abgabe einer erg\u00e4nzenden Erkl\u00e4rung.<\/p>\n<h6>3.<\/h6>\n<p>Die betroffene Person hat das Recht, von dem f\u00fcr die Verarbeitung Verantwortlichen die unverz\u00fcgliche L\u00f6schung der sie betreffenden personenbezogenen Daten zu verlangen, und der f\u00fcr die Verarbeitung Verantwortliche ist verpflichtet, die personenbezogenen Daten innerhalb der Grenzen und in den F\u00e4llen, die in den geltenden Rechtsvorschriften vorgesehen sind, unverz\u00fcglich zu l\u00f6schen. Der f\u00fcr die Verarbeitung Verantwortliche unterrichtet jeden Empf\u00e4nger, dem die personenbezogenen Daten \u00fcbermittelt wurden, \u00fcber die Berichtigung, L\u00f6schung oder Einschr\u00e4nkung der Verarbeitung innerhalb der Grenzen und in den Formen, die in den geltenden Rechtsvorschriften vorgesehen sind.<\/p>\n<h6>4.<\/h6>\n<p>Die betroffene Person hat das Recht, von dem f\u00fcr die Verarbeitung Verantwortlichen die Einschr\u00e4nkung der Verarbeitung zu verlangen.<\/p>\n<h6>5.<\/h6>\n<p>Die betroffene Person hat das Recht, die sie betreffenden personenbezogenen Daten, die sie einem f\u00fcr die Verarbeitung Verantwortlichen bereitgestellt hat, in einem strukturierten, g\u00e4ngigen und maschinenlesbaren Format zu erhalten, und sie hat das Recht, diese Daten einem anderen f\u00fcr die Verarbeitung Verantwortlichen zu \u00fcbermitteln, ohne dass der f\u00fcr die Verarbeitung Verantwortliche, dem sie die Daten bereitgestellt hat, daran gehindert wird.<\/p>\n<p>Um die oben genannten Rechte auszu\u00fcben, muss die betroffene Person einen Antrag an den f\u00fcr die Verarbeitung Verantwortlichen unter folgender Adresse stellen<\/p>\n<h6>CAI \u2013 Club Alpino Italiano<\/h6>\n<p>in der Person des Generaldirektors und gesetzlichen Vertreters am Hauptsitz in Mailand, Via E. Petrella 19, Cap 20124, und\/oder \u00fcber die folgende E-Mail Adresse <a href=\"mailto:privacy@cai.it\">privacy@cai.it<\/a> oder beglaubigte E-Mail (Pec) <a href=\"mailto:cai@pec.cai.it\">cai@pec.cai.it<\/a><\/p>\n<\/div>\n<\/div>\n<\/div>\n<\/div>\n<\/div><\/div><\/div><\/div><\/div><\/p>\n","protected":false},"excerpt":{"rendered":"","protected":false},"author":1,"featured_media":0,"parent":0,"menu_order":0,"comment_status":"closed","ping_status":"open","template":"full-width-page.php","meta":{"footnotes":""},"class_list":["post-1467","page","type-page","status-publish","hentry"],"acf":[],"yoast_head":"<!-- This site is optimized with the Yoast SEO plugin v22.5 - https:\/\/yoast.com\/wordpress\/plugins\/seo\/ -->\n<title>Datenschutzbestimmungen - booking cai<\/title>\n<meta name=\"robots\" content=\"noindex, follow, max-snippet:-1, max-image-preview:large, max-video-preview:-1\" \/>\n<meta property=\"og:locale\" content=\"de_DE\" \/>\n<meta property=\"og:type\" content=\"article\" \/>\n<meta property=\"og:title\" content=\"Datenschutzbestimmungen - booking cai\" \/>\n<meta property=\"og:url\" content=\"https:\/\/portale-booking-stg-cai.inera.it\/de\/datenschutzbestimmungen\/\" \/>\n<meta property=\"og:site_name\" content=\"booking cai\" \/>\n<meta property=\"article:modified_time\" content=\"2024-02-08T10:45:49+00:00\" \/>\n<meta property=\"og:image\" content=\"https:\/\/portale-booking-stg-cai.inera.it\/wp-content\/uploads\/2023\/09\/15-scaled.jpeg\" \/>\n<meta name=\"twitter:card\" content=\"summary_large_image\" \/>\n<meta name=\"twitter:label1\" content=\"Gesch\u00e4tzte Lesezeit\" \/>\n\t<meta name=\"twitter:data1\" content=\"8\u00a0Minuten\" \/>\n<script type=\"application\/ld+json\" class=\"yoast-schema-graph\">{\"@context\":\"https:\/\/schema.org\",\"@graph\":[{\"@type\":\"WebPage\",\"@id\":\"https:\/\/portale-booking-stg-cai.inera.it\/de\/datenschutzbestimmungen\/\",\"url\":\"https:\/\/portale-booking-stg-cai.inera.it\/de\/datenschutzbestimmungen\/\",\"name\":\"Datenschutzbestimmungen - booking cai\",\"isPartOf\":{\"@id\":\"https:\/\/portale-booking-stg-cai.inera.it\/de\/#website\"},\"primaryImageOfPage\":{\"@id\":\"https:\/\/portale-booking-stg-cai.inera.it\/de\/datenschutzbestimmungen\/#primaryimage\"},\"image\":{\"@id\":\"https:\/\/portale-booking-stg-cai.inera.it\/de\/datenschutzbestimmungen\/#primaryimage\"},\"thumbnailUrl\":\"https:\/\/portale-booking-stg-cai.inera.it\/wp-content\/uploads\/2023\/09\/15-scaled.jpeg\",\"datePublished\":\"2023-09-05T08:38:34+00:00\",\"dateModified\":\"2024-02-08T10:45:49+00:00\",\"breadcrumb\":{\"@id\":\"https:\/\/portale-booking-stg-cai.inera.it\/de\/datenschutzbestimmungen\/#breadcrumb\"},\"inLanguage\":\"de\",\"potentialAction\":[{\"@type\":\"ReadAction\",\"target\":[\"https:\/\/portale-booking-stg-cai.inera.it\/de\/datenschutzbestimmungen\/\"]}]},{\"@type\":\"ImageObject\",\"inLanguage\":\"de\",\"@id\":\"https:\/\/portale-booking-stg-cai.inera.it\/de\/datenschutzbestimmungen\/#primaryimage\",\"url\":\"https:\/\/portale-booking-stg-cai.inera.it\/wp-content\/uploads\/2023\/09\/15-scaled.jpeg\",\"contentUrl\":\"https:\/\/portale-booking-stg-cai.inera.it\/wp-content\/uploads\/2023\/09\/15-scaled.jpeg\"},{\"@type\":\"BreadcrumbList\",\"@id\":\"https:\/\/portale-booking-stg-cai.inera.it\/de\/datenschutzbestimmungen\/#breadcrumb\",\"itemListElement\":[{\"@type\":\"ListItem\",\"position\":1,\"name\":\"Home\",\"item\":\"https:\/\/portale-booking-stg-cai.inera.it\/de\/\"},{\"@type\":\"ListItem\",\"position\":2,\"name\":\"Datenschutzbestimmungen\"}]},{\"@type\":\"WebSite\",\"@id\":\"https:\/\/portale-booking-stg-cai.inera.it\/de\/#website\",\"url\":\"https:\/\/portale-booking-stg-cai.inera.it\/de\/\",\"name\":\"booking cai\",\"description\":\"\",\"potentialAction\":[{\"@type\":\"SearchAction\",\"target\":{\"@type\":\"EntryPoint\",\"urlTemplate\":\"https:\/\/portale-booking-stg-cai.inera.it\/de\/?s={search_term_string}\"},\"query-input\":\"required name=search_term_string\"}],\"inLanguage\":\"de\"}]}<\/script>\n<!-- \/ Yoast SEO plugin. -->","yoast_head_json":{"title":"Datenschutzbestimmungen - booking cai","robots":{"index":"noindex","follow":"follow","max-snippet":"max-snippet:-1","max-image-preview":"max-image-preview:large","max-video-preview":"max-video-preview:-1"},"og_locale":"de_DE","og_type":"article","og_title":"Datenschutzbestimmungen - booking cai","og_url":"https:\/\/portale-booking-stg-cai.inera.it\/de\/datenschutzbestimmungen\/","og_site_name":"booking cai","article_modified_time":"2024-02-08T10:45:49+00:00","og_image":[{"url":"https:\/\/portale-booking-stg-cai.inera.it\/wp-content\/uploads\/2023\/09\/15-scaled.jpeg"}],"twitter_card":"summary_large_image","twitter_misc":{"Gesch\u00e4tzte Lesezeit":"8\u00a0Minuten"},"schema":{"@context":"https:\/\/schema.org","@graph":[{"@type":"WebPage","@id":"https:\/\/portale-booking-stg-cai.inera.it\/de\/datenschutzbestimmungen\/","url":"https:\/\/portale-booking-stg-cai.inera.it\/de\/datenschutzbestimmungen\/","name":"Datenschutzbestimmungen - booking cai","isPartOf":{"@id":"https:\/\/portale-booking-stg-cai.inera.it\/de\/#website"},"primaryImageOfPage":{"@id":"https:\/\/portale-booking-stg-cai.inera.it\/de\/datenschutzbestimmungen\/#primaryimage"},"image":{"@id":"https:\/\/portale-booking-stg-cai.inera.it\/de\/datenschutzbestimmungen\/#primaryimage"},"thumbnailUrl":"https:\/\/portale-booking-stg-cai.inera.it\/wp-content\/uploads\/2023\/09\/15-scaled.jpeg","datePublished":"2023-09-05T08:38:34+00:00","dateModified":"2024-02-08T10:45:49+00:00","breadcrumb":{"@id":"https:\/\/portale-booking-stg-cai.inera.it\/de\/datenschutzbestimmungen\/#breadcrumb"},"inLanguage":"de","potentialAction":[{"@type":"ReadAction","target":["https:\/\/portale-booking-stg-cai.inera.it\/de\/datenschutzbestimmungen\/"]}]},{"@type":"ImageObject","inLanguage":"de","@id":"https:\/\/portale-booking-stg-cai.inera.it\/de\/datenschutzbestimmungen\/#primaryimage","url":"https:\/\/portale-booking-stg-cai.inera.it\/wp-content\/uploads\/2023\/09\/15-scaled.jpeg","contentUrl":"https:\/\/portale-booking-stg-cai.inera.it\/wp-content\/uploads\/2023\/09\/15-scaled.jpeg"},{"@type":"BreadcrumbList","@id":"https:\/\/portale-booking-stg-cai.inera.it\/de\/datenschutzbestimmungen\/#breadcrumb","itemListElement":[{"@type":"ListItem","position":1,"name":"Home","item":"https:\/\/portale-booking-stg-cai.inera.it\/de\/"},{"@type":"ListItem","position":2,"name":"Datenschutzbestimmungen"}]},{"@type":"WebSite","@id":"https:\/\/portale-booking-stg-cai.inera.it\/de\/#website","url":"https:\/\/portale-booking-stg-cai.inera.it\/de\/","name":"booking cai","description":"","potentialAction":[{"@type":"SearchAction","target":{"@type":"EntryPoint","urlTemplate":"https:\/\/portale-booking-stg-cai.inera.it\/de\/?s={search_term_string}"},"query-input":"required name=search_term_string"}],"inLanguage":"de"}]}},"_links":{"self":[{"href":"https:\/\/portale-booking-stg-cai.inera.it\/de\/wp-json\/wp\/v2\/pages\/1467","targetHints":{"allow":["GET"]}}],"collection":[{"href":"https:\/\/portale-booking-stg-cai.inera.it\/de\/wp-json\/wp\/v2\/pages"}],"about":[{"href":"https:\/\/portale-booking-stg-cai.inera.it\/de\/wp-json\/wp\/v2\/types\/page"}],"author":[{"embeddable":true,"href":"https:\/\/portale-booking-stg-cai.inera.it\/de\/wp-json\/wp\/v2\/users\/1"}],"replies":[{"embeddable":true,"href":"https:\/\/portale-booking-stg-cai.inera.it\/de\/wp-json\/wp\/v2\/comments?post=1467"}],"version-history":[{"count":3,"href":"https:\/\/portale-booking-stg-cai.inera.it\/de\/wp-json\/wp\/v2\/pages\/1467\/revisions"}],"predecessor-version":[{"id":1470,"href":"https:\/\/portale-booking-stg-cai.inera.it\/de\/wp-json\/wp\/v2\/pages\/1467\/revisions\/1470"}],"wp:attachment":[{"href":"https:\/\/portale-booking-stg-cai.inera.it\/de\/wp-json\/wp\/v2\/media?parent=1467"}],"curies":[{"name":"wp","href":"https:\/\/api.w.org\/{rel}","templated":true}]}}