{"id":1060,"date":"2023-09-08T10:51:48","date_gmt":"2023-09-08T08:51:48","guid":{"rendered":"https:\/\/portale-booking-stg-cai.inera.it\/?page_id=1060"},"modified":"2024-02-08T14:57:29","modified_gmt":"2024-02-08T13:57:29","slug":"strassen-und-wege","status":"publish","type":"page","link":"https:\/\/portale-booking-stg-cai.inera.it\/de\/strassen-und-wege\/","title":{"rendered":"Stra\u00dfen und Wege"},"content":{"rendered":"<div class=\"fusion-text fusion-text-1\"><div class=\"header-1\" style=\"top: -17px; height: 450px;\">\n<p><img decoding=\"async\" src=\"https:\/\/portale-booking-stg-cai.inera.it\/wp-content\/uploads\/2023\/12\/dolomites-2580866_1920.jpg\" alt=\"Lago\" \/><\/p>\n<div class=\"container\">\n<div class=\"row\">\n<div class=\"col-12 d-flex justify-content-center\">\n<div class=\"title\">Stra\u00dfen und Wege<\/div>\n<\/div>\n<\/div>\n<\/div>\n<\/div>\n<p>\n<\/div><br \/>\n<div class=\"fusion-fullwidth fullwidth-box fusion-builder-row-1 fusion-flex-container nonhundred-percent-fullwidth non-hundred-percent-height-scrolling\" style=\"--awb-border-radius-top-left:0px;--awb-border-radius-top-right:0px;--awb-border-radius-bottom-right:0px;--awb-border-radius-bottom-left:0px;--awb-flex-wrap:wrap;\" ><div class=\"fusion-builder-row fusion-row fusion-flex-align-items-flex-start fusion-flex-content-wrap\" style=\"max-width:1372.8px;margin-left: calc(-4% \/ 2 );margin-right: calc(-4% \/ 2 );\"><div class=\"fusion-layout-column fusion_builder_column fusion-builder-column-0 fusion_builder_column_1_1 1_1 fusion-flex-column\" style=\"--awb-bg-size:cover;--awb-width-large:100%;--awb-margin-top-large:0px;--awb-spacing-right-large:1.92%;--awb-margin-bottom-large:20px;--awb-spacing-left-large:1.92%;--awb-width-medium:100%;--awb-order-medium:0;--awb-spacing-right-medium:1.92%;--awb-spacing-left-medium:1.92%;--awb-width-small:100%;--awb-order-small:0;--awb-spacing-right-small:1.92%;--awb-spacing-left-small:1.92%;\"><div class=\"fusion-column-wrapper fusion-column-has-shadow fusion-flex-justify-content-flex-start fusion-content-layout-column\"><div class=\"fusion-text fusion-text-2\"><div class=\"row mtp-40\">\n<div class=\"col-12\">\n<div class=\"title-1\">\n<h4 class=\"mb-3\">Zufluchtsorte entlang von Wegen und mehrstufigen Routen finden<\/h4>\n<p class=\"mb-4\">Hochrouten, Traversen, Tourenrouten, Schleifen, Pfade bezeichnen Wanderrouten, die in mehreren Tagen zur\u00fcckgelegt werden k\u00f6nnen und in mehrere Etappen unterteilt sind, die zu Schutzh\u00fctten f\u00fchren. Diese Routen k\u00f6nnen von naturkundlicher, historischer, kultureller oder geografischer Bedeutung sein. Wanderrouten, die mindestens drei Schutzh\u00fctten beinhalten, sind in diesem Abschnitt aufgef\u00fchrt.<\/p>\n<\/div>\n<\/div>\n<\/div>\n<\/div>\n    \n    <div class=\"row\">\n    <\/div>\n    <\/div><\/div><\/div><\/div><div class=\"fusion-fullwidth fullwidth-box fusion-builder-row-2 fusion-flex-container nonhundred-percent-fullwidth non-hundred-percent-height-scrolling\" style=\"--awb-border-radius-top-left:0px;--awb-border-radius-top-right:0px;--awb-border-radius-bottom-right:0px;--awb-border-radius-bottom-left:0px;--awb-flex-wrap:wrap;\" ><div class=\"fusion-builder-row fusion-row fusion-flex-align-items-flex-start fusion-flex-content-wrap\" style=\"max-width:1372.8px;margin-left: calc(-4% \/ 2 );margin-right: calc(-4% \/ 2 );\"><div class=\"fusion-layout-column fusion_builder_column fusion-builder-column-1 fusion_builder_column_1_1 1_1 fusion-flex-column\" style=\"--awb-bg-size:cover;--awb-width-large:100%;--awb-margin-top-large:0px;--awb-spacing-right-large:1.92%;--awb-margin-bottom-large:20px;--awb-spacing-left-large:1.92%;--awb-width-medium:100%;--awb-order-medium:0;--awb-spacing-right-medium:1.92%;--awb-spacing-left-medium:1.92%;--awb-width-small:100%;--awb-order-small:0;--awb-spacing-right-small:1.92%;--awb-spacing-left-small:1.92%;\"><div class=\"fusion-column-wrapper fusion-column-has-shadow fusion-flex-justify-content-flex-start fusion-content-layout-column\"><div class=\"fusion-text fusion-text-3\"><div class=\"row mtp-100\">\n<div class=\"col-12\">\n<div class=\"title-1 title-1-1\">\n<div class=\"main mb-5\">Alle CAI-Schutzgebiete<\/div>\n<h6>Vergr\u00f6\u00dfern Sie die Karte und klicken Sie auf &#8222;Schutzh\u00fctten in diesem Gebiet&#8220;, um weitere Schutzh\u00fctten zu sehen<\/h6>\n<\/div>\n<\/div>\n<\/div>\n<\/div>\n\t<form class=\"d-none\" data-toggle-infinite-scroll-params=\"{&quot;infiniteScroll&quot;:&quot;#infinite-scroll-results&quot;}\" id=\"results-form\" data-url-params data-form-alert>\n\t    <input type=\"hidden\" name=\"bounds\">\n\t<\/form>\n    <div class=\"col-12\">\n      <div class=\"infinite-scroll\" id=\"infinite-scroll-results\" data-infinite-scroll=\"{&quot;url&quot;:&quot;https:\/\/booking-stg-cai.inera.it\/backend\/web\/api\/1.0\/de\/json\/get\/shelter\/byAttributes&quot;,&quot;type&quot;:&quot;get&quot;,&quot;params&quot;:{&quot;query&quot;:&quot;&quot;, &quot;keywords&quot;:&quot;&quot;, &quot;date&quot;:&quot;&quot;, &quot;region&quot;:&quot;&quot;, &quot;people&quot;:&quot;&quot;, &quot;isMap&quot;:&quot;true&quot;, &quot;page&quot;:&quot;1&quot;, &quot;rows&quot;:&quot;1000&quot;, &quot;seed&quot;:&quot;1775642400&quot;},&quot;container&quot;:&quot;#results-container&quot;,&quot;template&quot;:&quot;#rifugi-results-template&quot;}\" >\n        <div class=\"loading loading-1\">\n            <div><\/div>\n            <div><\/div>\n            <div><\/div>\n        <\/div>\n      <\/div>\n    <\/div> \n    <div class=\"search-results-container\">\n    <div>\n        <div class=\"col-12 list-container d-none\">\n            <div id=\"results-container\">\n            <\/div>\n        <\/div>\n          <div class=\"col-12 p-0 map-container\" style=\"width:100%;\">\n            <div class=\"map-block\" data-map-block='{\"mapId\":\"search-map\",\"mapConfig\":{\"center\":{\"lat\":43.719029,\"lng\":11.26201},\"icon\":\"https:\/\/portale-booking-stg-cai.inera.it\/wp-content\/themes\/Avada-Child-Theme\/assets\/images\/marker.svg\",\"zoomControlPosition\":\"bottomright\"},\"padding\":{\"padding\":[30,30]},\"centerChange\":{\"template\":\"#search-center-change-template\",\"container\":\"[data-center-change-container]\",\"context\":{}}}' data-preload-map=\"data-preload-map\">\n              <div class=\"map-item\" id=\"search-map\" data-map-item=\"data-map-item\"><\/div>\n                <div class=\"map-action-center d-flex flex-column\">\n                  <button class=\"btn shadow-sm map-btn\" data-load-results='{\"infiniteScroll\":\"#infinite-scroll-results\",\"mapId\":\"search-map\"}'>\n                    <div class=\"pre-icon\"><i class=\"material-icons\">search<\/i><\/div>\n                    <div class=\"btn-text\">Schutzh\u00fctten in diesem Bereich<\/div>\n                  <\/button>\n                  <button class=\"btn shadow-sm map-btn\" data-open-modal='{\"id\":\"#modal-info\"}'>\n\t                <div class=\"pre-icon\"><i class=\"material-symbols-outlined\">info_i<\/i><\/div>\n\t                <div class=\"btn-text\"><\/div>\n\t                <\/button>\n                  <div data-center-change-container style=\"top: 4rem\"><\/div>\n                  <button class=\"btn shadow-sm map-btn d-none\" data-hide-paths='{\"mapId\":\"search-map\"}'>\n                    <div class=\"pre-icon\"><i class=\"material-icons\">block<\/i><\/div>\n                    <div class=\"btn-text\">Nascondi sentieri<\/div>\n                  <\/button>\n                <\/div>\n            <\/div>\n          <\/div>\n          \n    <\/div>\n    <\/div>\n<div class=\"modal d-none\" id=\"modal-info\"><\/div>\n<script id=\"modal-info-template\" type=\"text\/x-handlebars\">\n  <div class=\"modal-body\">\n    <div class=\"btn btn-icon\" data-modal-close><i class=\"material-icons\">close<\/i><\/div>\n    <div>Bevor Sie eine Wanderung auf den hier dargestellten Wegen unternehmen, wird empfohlen, die Befahrbarkeit der Wege zu \u00fcberpr\u00fcfen. Dieser Dienst ist nicht verantwortlich f\u00fcr die Bedingungen der Wege zum Zeitpunkt der Befahrung, da sich diese je nach Jahreszeit, Wetterbedingungen und anderen Faktoren \u00e4ndern k\u00f6nnen. Es wird empfohlen, jeden Weg mit angemessener Ausr\u00fcstung zu bew\u00e4ltigen.<\/div>\n  <\/div>\n<\/script>\n<script id=\"rifugi-results-template\" type=\"text\/x-handlebars-template\">\n  {{#if results.length}}\n    {{#each results}}\n      <div class=\"card-1 mb-5\" data-marker-item=\"{\n        &quot;position&quot;: { \n          &quot;lat&quot;: {{addresses.[0].coords.lat}}, \n          &quot;lng&quot;: {{addresses.[0].coords.lng}} \n        },\n        &quot;infowindow&quot;: {\n          &quot;template&quot;: &quot;#infowindow-template&quot;,\n          &quot;context&quot;: {{stringify this}}\n        },\n        &quot;onClick&quot;: [\n          {\n            &quot;method&quot;: &quot;scrollTo&quot;,\n            &quot;container&quot;: &quot;.list-container&quot;,\n            &quot;id&quot;: &quot;{{id}}&quot;\n          }\n        ]\n        {{#if (lt disponibilita.stato 2)}}\n        , &quot;_iconUrl&quot;: &quot;https:\/\/portale-booking-stg-cai.inera.it\/wp-content\/themes\/Avada-Child-Theme\/assets\/images\/marker-unavailable.svg&quot;\n        {{\/if}}\n      }\" data-map-id=\"search-map\" marker-id=\"{{id}}\">\n        <div class=\"card-header\">\n        <div class=\"card-title\">{{name}} {{#if altitude}} -\n          <div class=\"altitude\">{{altitude}} m<\/div> {{\/if}}\n        <\/div>\n          <div class=\"card-actions\">\n            <div class=\"dropdown d-inline-block\">\n              <button class=\"btn btn-circle\" data-bs-toggle=\"dropdown\" aria-expanded=\"false\"><i class=\"material-icons\">share<\/i><\/button>\n              <ul class=\"dropdown-menu\">\n                <li><a class=\"dropdown-item\" target=\"_blank\" href=\"https:\/\/www.facebook.com\/sharer\/sharer.php?u=https:\/\/portale-booking-stg-cai.inera.it\/de\/\/dettaglio\/{{name}}\/?id={{id}}\"><i class=\"fa-brands fa-facebook\"><\/i>\n                    <div class=\"text\">Facebook<\/div><\/a><\/li>\n                <li><a class=\"dropdown-item\" target=\"_blank\" href=\"https:\/\/twitter.com\/intent\/tweet?hashtags=CAI&amp;text={{name}}&amp;url=https:\/\/portale-booking-stg-cai.inera.it\/de\/\/dettaglio\/{{name}}\/?id={{id}}\"><i class=\"fa-brands fa-x-twitter\"><\/i>\n                    <div class=\"text\">Twitter<\/div><\/a><\/li>\n                    <!-- <li><a class=\"dropdown-item\" target=\"_blank\" href=\"#\"><i class=\"fa-brands fa-instagram\"><\/i>\n                    <div class=\"text\">Instagram<\/div><\/a><\/li> -->\n              <\/ul>\n            <\/div>\n          <\/div>\n        <\/div>\n        <ul class=\"card-services\">\n          {{#each services}}\n          {{set (getIcon this) 'icon' this false}}\n          <li data-bs-toggle=\"tooltip\" data-bs-title=\"{{label}}\"><i class=\"{{icon.class}}\">{{icon.icon}}<\/i><\/li>{{\/each}}\n          <li data-bs-toggle=\"tooltip\" data-bs-title=\"Posti letto disponibili\"><i class=\"fa-solid fa-bed\"><\/i>\n              <div class=\"number\">{{beds}}<\/div>\n          <\/li>\n        <\/ul>\n        <div class=\"card-body\">\n          <div class=\"image\">\n                {{#if img.file}}\n                <img decoding=\"async\" src=\"https:\/\/booking-stg-cai.inera.it{{img.file}}\" alt=\"{{img.alt}}\">\n                {{else}}\n                <img decoding=\"async\" src=\"https:\/\/portale-booking-stg-cai.inera.it\/wp-content\/themes\/Avada-Child-Theme\/assets\/images\/no-img.jpg\" alt=\"{{img.alt}}\">\n                {{\/if}}\n            <\/div>  \n          <div class=\"card-content\">\n            <div class=\"card-infos\">{{#each infos}}\n              <div class=\"info\">{{label}}: {{value}}<\/div>{{\/each}}\n              {{#if paths}}\n              <div class=\"info\" data-bs-toggle=\"collapse\" href=\"#collapse-b-{{id}}\" role=\"button\" aria-expanded=\"false\" aria-controls=\"collapse-b-{{id}}\">Sentieri<i class=\"material-icons\">keyboard_arrow_down<\/i><\/div>\n              <div class=\"collapse\" id=\"collapse-b-{{id}}\">\n                <div class=\"info text-muted\">{{arrayToList paths}}<\/div>\n              <\/div>{{\/if}}\n            <\/div>\n            <div class=\"mt-3\">{{#if disponibilita}}\n              <div class=\"av-status av-status-{{disponibilita.stato}}\" data-bs-toggle=\"collapse\" href=\"#collapse-{{id}}\" role=\"button\" aria-expanded=\"false\" aria-controls=\"collapse-{{id}}\">\n                {{getDisponibilita disponibilita.stato}}{{#if (eq disponibilita.stato 3)}}\n                <div class=\"av-status-icon\"><i class=\"material-icons\">keyboard_arrow_down<\/i><\/div>{{\/if}}\n              <\/div>{{#if (eq disponibilita.stato 3)}}\n              <div class=\"collapse\" id=\"collapse-{{id}}\">\n                <div class=\"av-status av-status-{{disponibilita.stato}}\">{{formatDates disponibilita.date 'DD MMMM'}}<\/div>\n              <\/div>{{\/if}}\n              {{\/if}}\n              <div class=\"d-flex\">\n                <a class=\"btn btn-3 mt-1\" href=\"\/dettaglio\/{{name}}\/?id={{id}}\">\n                  <div class=\"btn-text\">Siehe Detail<\/div>\n                <\/a>{{#if (or (eq disponibilita.stato 3) (eq disponibilita.stato 2))}}\n                <button class=\"btn btn-3 mt-1 ms-2\" data-reservation-modal='{\"dates\":\"{{disponibilita.date}}\",\"id\":\"{{id}}\",\"where\":\"{{where}}\",\"name\":\"{{escape name}}\",\"price\":\"{{price}}\"}'>\n                  <div class=\"btn-text\">In den Warenkorb legen<\/div>\n                <\/button>{{\/if}}\n              <\/div>\n            <\/div>\n          <\/div>\n        <\/div>\n      <\/div>{{\/each}}\n    {{#pagination this}}\n    {{set '#infinite-scroll-results' 'infiniteScroll' this false}}{{#if (gt total 1)}}\n    <ul class=\"pagination pagination-1\">{{#if first}}\n        <li>\n          <button class=\"btn\" data-toggle=\"infinite-scroll\" data-target=\"{{infiniteScroll}}\" data-prevent-hide=\"true\" data-page=\"1\">\n            <div class=\"btn-text\">1<\/div>\n          <\/button>\n      <\/li>\n      <li class=\"disabled divider\"><span>...<\/span><\/li>{{\/if}}\n      {{#each pages}}\n          <li class=\"{{#if (eq this ..\/current)}}active{{\/if}}\">\n          <button class=\"btn {{#if (eq this ..\/current)}}disabled{{\/if}}\" data-toggle=\"infinite-scroll\" data-target=\"{{..\/infiniteScroll}}\" data-prevent-hide=\"true\" data-page=\"{{this}}\">\n            <div class=\"btn-text\">{{this}}<\/div>\n          <\/button>\n      <\/li>{{\/each}}\n      {{#if last}}\n          <li class=\"disabled divider\"><span>...<\/span><\/li>\n      <li>\n          <button class=\"btn\" data-toggle=\"infinite-scroll\" data-target=\"{{infiniteScroll}}\" data-prevent-hide=\"true\" data-page=\"{{total}}\">\n            <div class=\"btn-text\">{{total}}<\/div>\n          <\/button>\n      <\/li>{{\/if}}\n    <\/ul>{{\/if}}{{\/pagination}}\n    {{else}}\n    <div style=\"max-width: 800px;\">\n        <div class=\"card-5\">\n          <div class=\"card-icon\"><i class=\"material-icons\">search_off<\/i><\/div>\n          <div class=\"card-body\">\n            <div class=\"title\">Nessun risultato<\/div>\n            <div class=\"subtitle\">Non abbiamo trovato rifugi corrispondenti ai criteri che hai inserito, prova ad effettuare una nuova ricerca<\/div>\n          <\/div>\n        <\/div>\n    <\/div>{{\/if}}\n  <\/script>\n  <script id=\"infowindow-template\" type=\"text\/x-handlebars-template\">\n      <div class=\"card-7\">\n        <div class=\"image\">\n                {{#if img.file}}\n                <img decoding=\"async\" src=\"https:\/\/booking-stg-cai.inera.it{{img.file}}\" alt=\"{{img.alt}}\">\n                {{else}}\n                <img decoding=\"async\" src=\"https:\/\/portale-booking-stg-cai.inera.it\/wp-content\/themes\/Avada-Child-Theme\/assets\/images\/no-img.jpg\" alt=\"{{img.alt}}\">\n                {{\/if}}\n            <\/div>     \n        <div class=\"body\"><a class=\"title\" href=\"..\/..\/dettaglio?id={{id}}\">{{name}}<\/a>{{#if disponibilita}}\n          <div class=\"av-status mt-2 av-status-{{disponibilita.stato}}\" data-bs-toggle=\"collapse\" href=\"#collapse-1-{{id}}\" role=\"button\" aria-expanded=\"false\" aria-controls=\"collapse-1-{{id}}\">\n            {{getDisponibilita disponibilita.stato}}{{#if (eq disponibilita.stato 3)}}\n            <div class=\"av-status-icon\"><i class=\"material-icons\">keyboard_arrow_down<\/i><\/div>{{\/if}}\n          <\/div>{{#if (eq disponibilita.stato 3)}}\n          <div class=\"collapse\" id=\"collapse-1-{{id}}\">\n            <div class=\"av-status av-status-{{disponibilita.stato}}\">{{formatDates disponibilita.date 'DD MMMM'}}<\/div>\n          <\/div>{{\/if}}\n          {{\/if}}\n        <\/div>\n      <\/div>\n  <\/script>\n  <script id=\"search-center-change-template\" type=\"text\/x-handlebars-template\">\n      <button class=\"btn shadow-sm map-btn\" data-center-change=\"{ &quot;url&quot;: &quot;https:\/\/booking-stg-cai.inera.it\/backend\/web\/api\/1.0\/it\/json\/get\/hikingroute\/byAttributes&quot;, &quot;bounds&quot;: {{stringify bounds}}, &quot;mapId&quot;: &quot;search-map&quot; }\">\n        <div class=\"pre-icon\"><i class=\"material-symbols-outlined\">signpost<\/i><\/div>\n        <div class=\"btn-text\">Mostra sentieri<\/div>\n      <\/button>\n  <\/script>\n  \n    <div class=\"modal d-none\" id=\"modal-confirm\">\n        <div class=\"modal-body\">\n            <div class=\"text\"><\/div>\n            <div class=\"buttons\">\n                <button class=\"btn btn-secondary\" data-modal-reject=\"\">Annulla<\/button>\n                <button class=\"btn btn-primary\" data-modal-confirm=\"\">Conferma<\/button>\n            <\/div>\n        <\/div>\n    <\/div>\n    <div class=\"snackbar d-none\" id=\"snackbar\"><span class=\"text\"><\/span>\n        <div class=\"close-snackbar\">\u00d7<\/div>\n    <\/div>\n    <div class=\"modal d-none\" id=\"modal-reservation\"><\/div>\n    <script id=\"modal-reservation-template\" type=\"text\/x-handlebars\">\n        <div class=\"modal-body\">\n            <h5 class=\"text\">Scegli le date e aggiungi la prenotazione al carrello<\/h5>\n            <input name=\"people\" type=\"hidden\" value=\"{{people}}\">\n            <input name=\"shelter_id\" type=\"hidden\" value=\"{{id}}\">\n            <input name=\"shelter_name\" type=\"hidden\" value=\"{{name}}\">\n            <input name=\"where\" type=\"hidden\" value=\"{{where}}\">\n            <input name=\"price\" type=\"hidden\" value=\"{{price}}\">\n            <div class=\"input-group datepicker\"><span class=\"input-group-text\"><i class=\"material-icons-outlined\">date_range<\/i><\/span>\n                <input readonly class=\"form-control\" type=\"text\" autocomplete=\"off\" placeholder=\"Date\" name=\"dates\" data-datepicker-config='{\"multi\":true,\"dates\":\"{{dates}}\"}'>\n            <\/div>\n            <div class=\"d-none text-danger mt-3 error-msg\"><\/div>\n            <div class=\"buttons mt-3\">\n                <button class=\"btn btn-secondary\" data-modal-close>Annulla<\/button>\n                <button class=\"btn btn-primary\" data-add-cart>Prenota<\/button>\n            <\/div>\n        <\/div>\n    <\/script>\n        \n    <input type=\"hidden\" id=\"rpage\" value=\"1\"><\/div><\/div><\/div><\/div><\/p>\n","protected":false},"excerpt":{"rendered":"","protected":false},"author":1,"featured_media":998,"parent":0,"menu_order":0,"comment_status":"closed","ping_status":"closed","template":"","meta":{"footnotes":""},"class_list":["post-1060","page","type-page","status-publish","has-post-thumbnail","hentry"],"acf":[],"yoast_head":"<!-- This site is optimized with the Yoast SEO plugin v22.5 - https:\/\/yoast.com\/wordpress\/plugins\/seo\/ -->\n<title>Stra\u00dfen und Wege - booking cai<\/title>\n<meta name=\"robots\" content=\"noindex, follow, max-snippet:-1, max-image-preview:large, max-video-preview:-1\" \/>\n<meta property=\"og:locale\" content=\"de_DE\" \/>\n<meta property=\"og:type\" content=\"article\" \/>\n<meta property=\"og:title\" content=\"Stra\u00dfen und Wege - booking cai\" \/>\n<meta property=\"og:url\" content=\"https:\/\/portale-booking-stg-cai.inera.it\/de\/strassen-und-wege\/\" \/>\n<meta property=\"og:site_name\" content=\"booking cai\" \/>\n<meta property=\"article:modified_time\" content=\"2024-02-08T13:57:29+00:00\" \/>\n<meta name=\"twitter:card\" content=\"summary_large_image\" \/>\n<meta name=\"twitter:label1\" content=\"Gesch\u00e4tzte Lesezeit\" \/>\n\t<meta name=\"twitter:data1\" content=\"5\u00a0Minuten\" \/>\n<script type=\"application\/ld+json\" class=\"yoast-schema-graph\">{\"@context\":\"https:\/\/schema.org\",\"@graph\":[{\"@type\":\"WebPage\",\"@id\":\"https:\/\/portale-booking-stg-cai.inera.it\/de\/strassen-und-wege\/\",\"url\":\"https:\/\/portale-booking-stg-cai.inera.it\/de\/strassen-und-wege\/\",\"name\":\"Stra\u00dfen und Wege - booking cai\",\"isPartOf\":{\"@id\":\"https:\/\/portale-booking-stg-cai.inera.it\/de\/#website\"},\"primaryImageOfPage\":{\"@id\":\"https:\/\/portale-booking-stg-cai.inera.it\/de\/strassen-und-wege\/#primaryimage\"},\"image\":{\"@id\":\"https:\/\/portale-booking-stg-cai.inera.it\/de\/strassen-und-wege\/#primaryimage\"},\"thumbnailUrl\":\"https:\/\/portale-booking-stg-cai.inera.it\/wp-content\/uploads\/2023\/12\/dolomites-2580866_1920.jpg\",\"datePublished\":\"2023-09-08T08:51:48+00:00\",\"dateModified\":\"2024-02-08T13:57:29+00:00\",\"breadcrumb\":{\"@id\":\"https:\/\/portale-booking-stg-cai.inera.it\/de\/strassen-und-wege\/#breadcrumb\"},\"inLanguage\":\"de\",\"potentialAction\":[{\"@type\":\"ReadAction\",\"target\":[\"https:\/\/portale-booking-stg-cai.inera.it\/de\/strassen-und-wege\/\"]}]},{\"@type\":\"ImageObject\",\"inLanguage\":\"de\",\"@id\":\"https:\/\/portale-booking-stg-cai.inera.it\/de\/strassen-und-wege\/#primaryimage\",\"url\":\"https:\/\/portale-booking-stg-cai.inera.it\/wp-content\/uploads\/2023\/12\/dolomites-2580866_1920.jpg\",\"contentUrl\":\"https:\/\/portale-booking-stg-cai.inera.it\/wp-content\/uploads\/2023\/12\/dolomites-2580866_1920.jpg\",\"width\":1920,\"height\":1197},{\"@type\":\"BreadcrumbList\",\"@id\":\"https:\/\/portale-booking-stg-cai.inera.it\/de\/strassen-und-wege\/#breadcrumb\",\"itemListElement\":[{\"@type\":\"ListItem\",\"position\":1,\"name\":\"Home\",\"item\":\"https:\/\/portale-booking-stg-cai.inera.it\/de\/\"},{\"@type\":\"ListItem\",\"position\":2,\"name\":\"Stra\u00dfen und Wege\"}]},{\"@type\":\"WebSite\",\"@id\":\"https:\/\/portale-booking-stg-cai.inera.it\/de\/#website\",\"url\":\"https:\/\/portale-booking-stg-cai.inera.it\/de\/\",\"name\":\"booking cai\",\"description\":\"\",\"potentialAction\":[{\"@type\":\"SearchAction\",\"target\":{\"@type\":\"EntryPoint\",\"urlTemplate\":\"https:\/\/portale-booking-stg-cai.inera.it\/de\/?s={search_term_string}\"},\"query-input\":\"required name=search_term_string\"}],\"inLanguage\":\"de\"}]}<\/script>\n<!-- \/ Yoast SEO plugin. -->","yoast_head_json":{"title":"Stra\u00dfen und Wege - booking cai","robots":{"index":"noindex","follow":"follow","max-snippet":"max-snippet:-1","max-image-preview":"max-image-preview:large","max-video-preview":"max-video-preview:-1"},"og_locale":"de_DE","og_type":"article","og_title":"Stra\u00dfen und Wege - booking cai","og_url":"https:\/\/portale-booking-stg-cai.inera.it\/de\/strassen-und-wege\/","og_site_name":"booking cai","article_modified_time":"2024-02-08T13:57:29+00:00","twitter_card":"summary_large_image","twitter_misc":{"Gesch\u00e4tzte Lesezeit":"5\u00a0Minuten"},"schema":{"@context":"https:\/\/schema.org","@graph":[{"@type":"WebPage","@id":"https:\/\/portale-booking-stg-cai.inera.it\/de\/strassen-und-wege\/","url":"https:\/\/portale-booking-stg-cai.inera.it\/de\/strassen-und-wege\/","name":"Stra\u00dfen und Wege - booking cai","isPartOf":{"@id":"https:\/\/portale-booking-stg-cai.inera.it\/de\/#website"},"primaryImageOfPage":{"@id":"https:\/\/portale-booking-stg-cai.inera.it\/de\/strassen-und-wege\/#primaryimage"},"image":{"@id":"https:\/\/portale-booking-stg-cai.inera.it\/de\/strassen-und-wege\/#primaryimage"},"thumbnailUrl":"https:\/\/portale-booking-stg-cai.inera.it\/wp-content\/uploads\/2023\/12\/dolomites-2580866_1920.jpg","datePublished":"2023-09-08T08:51:48+00:00","dateModified":"2024-02-08T13:57:29+00:00","breadcrumb":{"@id":"https:\/\/portale-booking-stg-cai.inera.it\/de\/strassen-und-wege\/#breadcrumb"},"inLanguage":"de","potentialAction":[{"@type":"ReadAction","target":["https:\/\/portale-booking-stg-cai.inera.it\/de\/strassen-und-wege\/"]}]},{"@type":"ImageObject","inLanguage":"de","@id":"https:\/\/portale-booking-stg-cai.inera.it\/de\/strassen-und-wege\/#primaryimage","url":"https:\/\/portale-booking-stg-cai.inera.it\/wp-content\/uploads\/2023\/12\/dolomites-2580866_1920.jpg","contentUrl":"https:\/\/portale-booking-stg-cai.inera.it\/wp-content\/uploads\/2023\/12\/dolomites-2580866_1920.jpg","width":1920,"height":1197},{"@type":"BreadcrumbList","@id":"https:\/\/portale-booking-stg-cai.inera.it\/de\/strassen-und-wege\/#breadcrumb","itemListElement":[{"@type":"ListItem","position":1,"name":"Home","item":"https:\/\/portale-booking-stg-cai.inera.it\/de\/"},{"@type":"ListItem","position":2,"name":"Stra\u00dfen und Wege"}]},{"@type":"WebSite","@id":"https:\/\/portale-booking-stg-cai.inera.it\/de\/#website","url":"https:\/\/portale-booking-stg-cai.inera.it\/de\/","name":"booking cai","description":"","potentialAction":[{"@type":"SearchAction","target":{"@type":"EntryPoint","urlTemplate":"https:\/\/portale-booking-stg-cai.inera.it\/de\/?s={search_term_string}"},"query-input":"required name=search_term_string"}],"inLanguage":"de"}]}},"_links":{"self":[{"href":"https:\/\/portale-booking-stg-cai.inera.it\/de\/wp-json\/wp\/v2\/pages\/1060","targetHints":{"allow":["GET"]}}],"collection":[{"href":"https:\/\/portale-booking-stg-cai.inera.it\/de\/wp-json\/wp\/v2\/pages"}],"about":[{"href":"https:\/\/portale-booking-stg-cai.inera.it\/de\/wp-json\/wp\/v2\/types\/page"}],"author":[{"embeddable":true,"href":"https:\/\/portale-booking-stg-cai.inera.it\/de\/wp-json\/wp\/v2\/users\/1"}],"replies":[{"embeddable":true,"href":"https:\/\/portale-booking-stg-cai.inera.it\/de\/wp-json\/wp\/v2\/comments?post=1060"}],"version-history":[{"count":8,"href":"https:\/\/portale-booking-stg-cai.inera.it\/de\/wp-json\/wp\/v2\/pages\/1060\/revisions"}],"predecessor-version":[{"id":1507,"href":"https:\/\/portale-booking-stg-cai.inera.it\/de\/wp-json\/wp\/v2\/pages\/1060\/revisions\/1507"}],"wp:featuredmedia":[{"embeddable":true,"href":"https:\/\/portale-booking-stg-cai.inera.it\/de\/wp-json\/wp\/v2\/media\/998"}],"wp:attachment":[{"href":"https:\/\/portale-booking-stg-cai.inera.it\/de\/wp-json\/wp\/v2\/media?parent=1060"}],"curies":[{"name":"wp","href":"https:\/\/api.w.org\/{rel}","templated":true}]}}